{"id":137,"date":"2019-10-27T21:38:18","date_gmt":"2019-10-27T20:38:18","guid":{"rendered":"https:\/\/www.mws.at\/blog\/?page_id=137"},"modified":"2020-01-06T18:55:31","modified_gmt":"2020-01-06T17:55:31","slug":"impressum-datenschutz","status":"publish","type":"page","link":"https:\/\/www.mws.at\/blog\/impressum-datenschutz\/","title":{"rendered":"Impressum &#8211; Datenschutz"},"content":{"rendered":"\n<h2 class=\" fw-400\"><strong>Impressum<\/strong><\/h2>\n<h3>Medieninhaber<\/h3>\n<p>Michael W. Steidl<br \/>Witthauergasse 19<br \/>1180 Wien<br \/>\u00d6sterreich\/Europa (Austria\/Europe)<\/p>\n<p>E-Mail: mwsteidl {at} mws.at<\/p>\n<h2 class=\" fw-400\"><strong>Datenschutzerkl\u00e4rung<\/strong><\/h2>\n<p>Ich habe diese Datenschutzerkl\u00e4rung verfasst, um Ihnen gem\u00e4\u00df der Vorgaben der EU-Datenschutz-Grundverordnung zu erkl\u00e4ren, welche Informationen ich sammle, wie ich Daten verwende und welche Entscheidungsm\u00f6glichkeiten Sie als Besucher dieser Website haben.<\/p>\n<p>Leider liegt es in der Natur der Sache, dass diese Erkl\u00e4rungen sehr technisch klingen, ich habe mich bei der Erstellung jedoch bem\u00fcht, die wichtigsten Dinge so einfach und klar zu beschreiben.<\/p>\n<h3 id=\"automatischeDatenspeicherung\">Automatische Datenspeicherung<\/h3>\n<p>Wenn Sie heutzutage eine Website besuchen, werden gewisse Informationen automatisch erstellt und gespeichert, so auch auf dieser Website.<\/p>\n<p>Wenn Sie meine Website besuchen, speichert der Webserver (Computer auf dem diese Website gespeichert ist) automatisch Daten wie die IP-Adresse Ihres Ger\u00e4tes, die Adressen der besuchten Seiten, Details zu Ihrem Browser (z.B. Chrome, Firefox, Edge,\u2026) und Datum sowie Uhrzeit Ihre Zugriffs auf eine Seite. Ich nutze diese Daten nicht und geben sie in der Regel nicht weiter, kann jedoch nicht ausschlie\u00dfen, dass diese Daten beim Vorliegen von rechtswidrigem Verhalten eingesehen werden.<\/p>\n<h3 id=\"tls\">TLS-Verschl\u00fcsselung mit https<\/h3>\n<p>Diese Website verwendet https um Daten abh\u00f6rsicher im Internet zu \u00fcbertragen. Durch den Einsatz von TLS (Transport Layer Security), einem Verschl\u00fcsselungsprotokoll zur sicheren Daten\u00fcbertragung im Internet kann der Schutz vertraulicher Daten sichergestellt werden. Sie erkennen die Benutzung dieser Absicherung der Daten\u00fcbertragung am kleinen Schlosssymbol im Feld der Webadresse im Browser und der Verwendung des Betriffs &#8222;https&#8220; als ersten Teil der Adresse dieser Website.<\/p>\n<h3>Kommentare<\/h3>\n<p>Wenn Besucher Kommentare auf der Website schreiben, werden die Daten, die im Kommentar-Formular angezeigt werden gespeichert, au\u00dferdem die IP-Adresse des Besuchers und den User-Agent-String (damit wird der Browser identifiziert), um die Erkennung von Spam zu unterst\u00fctzen.<\/p>\n<h3>Cookies<\/h3>\n<p>Wenn Sie einen Kommentar auf dieser Website schreiben, ist das eine Einwilligung, Ihren\u00a0 Namen, E-Mail-Adresse und Daten dieser Website in Cookies zu speichern. Dies ist eine Komfortfunktion, damit ein Besucher nicht, wenn sie\/er nicht einen weiteren Kommentar schreibt, all diese Daten erneut eingeben muss. Diese Cookies werden ein Jahr lang gespeichert.<\/p>\n<h3>Analysedienste<\/h3>\n<p>Auf dieser Website keine Daten zur Analyse der Besucherverhaltens erhoben.<\/p>\n<h3 id=\"googleFonts\">Google Fonts<\/h3>\n<p>Diese Website verwendet Google Fonts der Firma Google Inc. (1600 Amphitheatre Parkway Mountain View, CA 94043, USA). Die Verwendung von Google Fonts erfolgt ohne Authentisierung und es werden keine Cookies an die Google Fonts API gesendet. Sollten Sie ein Konto bei Google haben, werden keine Ihrer Google-Kontodaten an Google w\u00e4hrend der Nutzung von Google Fonts \u00fcbermittelt. Google erfasst lediglich die Nutzung von CSS und der verwendeten Fonts und speichert diese Daten sicher. Mehr zu diesen und weiteren Fragen finden Sie auf <a href=\"https:\/\/developers.google.com\/fonts\/faq\" rel=\"nofollow\">https:\/\/developers.google.com\/fonts\/faq<\/a>.<\/p>\n<p>Welche Daten von Google erfasst werden und wof\u00fcr diese Daten verwendet werden, k\u00f6nnen Sie auf\u00a0<a href=\"https:\/\/www.google.com\/intl\/de\/policies\/privacy\/\" rel=\"nofollow\">https:\/\/www.google.com\/intl\/de\/policies\/privacy\/<\/a>\u00a0nachlesen.<\/p>\n<h3>Mit wem ich Daten teile<\/h3>\n<p>Au\u00dfer den oben angef\u00fchrten Daten f\u00fcr Google Fonts werde keine festgehaltenen personenbezogenen Daten von mir an jemanden weiteregegeben.<\/p>\n<h3>Welche Rechte Sie an Ihren Daten haben<\/h3>\n<p>Wenn Sie Kommentare geschrieben haben, k\u00f6nnen Sie einen Export Ihrer personenbezogenen Daten bei uns anfordern. Dar\u00fcber hinaus k\u00f6nnen Sie die L\u00f6schung aller personenbezogenen Daten, die wir von Ihnen gespeichert haben, anfordern. Dies umfasst nicht die Daten, die wir aufgrund administrativer, rechtlicher oder sicherheitsrelevanter Notwendigkeiten aufbewahren m\u00fcssen.<\/p>\n<p>Kontaktieren Sie mich mit den im Impressum angegeben Daten.<\/p>\n<h3>\u00c4nderungen der Datenschutzerkl\u00e4rung<\/h3>\n<p>Ich behalte mir vor, die Datenschutzerkl\u00e4rung zu \u00e4ndern, um sie an ge\u00e4nderte Rechtslagen, oder bei \u00c4nderungen des Dienstes sowie der Datenverarbeitung anzupassen.\u00a0<\/p>\n<p>Besucher dieser Website werden gebeten, sich selbst \u00fcber den Inhalt der Datenschutzerkl\u00e4rung zu informieren.<\/p>\n\n\n\n<p><\/p>\n","protected":false},"excerpt":{"rendered":"<p>Impressum Medieninhaber Michael W. SteidlWitthauergasse 191180 Wien\u00d6sterreich\/Europa (Austria\/Europe) E-Mail: mwsteidl {at} mws.at Datenschutzerkl\u00e4rung Ich habe diese Datenschutzerkl\u00e4rung verfasst, um Ihnen gem\u00e4\u00df der Vorgaben der EU-Datenschutz-Grundverordnung zu erkl\u00e4ren, welche Informationen ich sammle, wie ich Daten verwende und welche Entscheidungsm\u00f6glichkeiten Sie als Besucher dieser Website haben. Leider liegt es in der Natur der Sache, dass diese Erkl\u00e4rungen [&hellip;]<\/p>\n","protected":false},"author":2,"featured_media":0,"parent":0,"menu_order":0,"comment_status":"closed","ping_status":"closed","template":"page-pagebuilder-title.php","meta":{"footnotes":""},"class_list":["post-137","page","type-page","status-publish","hentry"],"_links":{"self":[{"href":"https:\/\/www.mws.at\/blog\/wp-json\/wp\/v2\/pages\/137","targetHints":{"allow":["GET"]}}],"collection":[{"href":"https:\/\/www.mws.at\/blog\/wp-json\/wp\/v2\/pages"}],"about":[{"href":"https:\/\/www.mws.at\/blog\/wp-json\/wp\/v2\/types\/page"}],"author":[{"embeddable":true,"href":"https:\/\/www.mws.at\/blog\/wp-json\/wp\/v2\/users\/2"}],"replies":[{"embeddable":true,"href":"https:\/\/www.mws.at\/blog\/wp-json\/wp\/v2\/comments?post=137"}],"version-history":[{"count":5,"href":"https:\/\/www.mws.at\/blog\/wp-json\/wp\/v2\/pages\/137\/revisions"}],"predecessor-version":[{"id":171,"href":"https:\/\/www.mws.at\/blog\/wp-json\/wp\/v2\/pages\/137\/revisions\/171"}],"wp:attachment":[{"href":"https:\/\/www.mws.at\/blog\/wp-json\/wp\/v2\/media?parent=137"}],"curies":[{"name":"wp","href":"https:\/\/api.w.org\/{rel}","templated":true}]}}